{"id":130,"date":"2018-11-06T19:48:04","date_gmt":"2018-11-06T19:48:04","guid":{"rendered":"http:\/\/cleopatra-project.eu\/?page_id=130"},"modified":"2018-11-06T19:50:13","modified_gmt":"2018-11-06T19:50:13","slug":"impressum","status":"publish","type":"page","link":"https:\/\/cleopatra-project.eu\/index.php\/impressum\/","title":{"rendered":"Impressum"},"content":{"rendered":"<table>\n<tbody>\n<tr>\n<td><strong>Forschungszentrum L3S<\/strong><\/td>\n<td>Appelstra\u00dfe 9a<br \/>\n30167 Hannover<br \/>\nTel. +49 511 762 &#8211; 17715<br \/>\nFax +49 511 762 &#8211; 17779<\/td>\n<\/tr>\n<tr>\n<td>Vertreten durch:<\/td>\n<td>Prof. Dr. Wolfgang Nejdl (Gesch\u00e4ftsf\u00fchrender Direktor)<br \/>\nDr. Claudia Nieder\u00e9e (Gesch\u00e4ftsf\u00fchrerin)<\/td>\n<\/tr>\n<tr>\n<td><strong>Gottfried Wilhelm Leibniz<\/strong><strong><br \/>\nUniversit\u00e4t Hannover<\/strong><\/td>\n<td>Welfengarten 1<br \/>\n30167 Hannover<br \/>\nTel. +49 511 762-0<br \/>\nFax +49 511 762-3456<\/td>\n<\/tr>\n<tr>\n<td>Vertreten durch:<\/td>\n<td>Pr\u00e4sident der Leibniz Universit\u00e4t Hannover<\/td>\n<\/tr>\n<tr>\n<td><strong>Technische Realisierung<\/strong><\/td>\n<td>Forschungszentrum L3S \/ IT Team<br \/>\nWebdesign und Programierung,\u00a0<a href=\"http:\/\/www.drupal.org\/\">Drupal<\/a><\/td>\n<\/tr>\n<tr>\n<td><strong>Fotos<\/strong><\/td>\n<td>This website contains photos from\u00a0<a href=\"http:\/\/www.fotolia.de\/\">www.fotolia.de<\/a><\/td>\n<\/tr>\n<\/tbody>\n<\/table>\n<p>Die Gottfried Wilhelm Leibniz Universit\u00e4t Hannover ist eine K\u00f6rperschaft des \u00f6ffentlichen Rechts. Sie wird durch den Pr\u00e4sidenten Prof. Dr. iur. Volker Epping gesetzlich vertreten.<br \/>\n<strong>Zust\u00e4ndige Aufsichtsbeh\u00f6rde:<\/strong>\u00a0Nieders\u00e4chsisches Ministerium f\u00fcr Wissenschaft und Kultur, Leibnizufer 9, 30169 Hannover<br \/>\nUmsatzsteuer-Identifikationsnummer gem\u00e4\u00df \u00a7 27a Umsatzsteuergesetz: DE 811 245 527<br \/>\nDie inhaltlich verantwortlichen Personen einzelner journalistisch-redaktioneller Texte gem\u00e4\u00df \u00a7 6 MDStV sind unter dem jeweiligen Beitrag auf der Seite selbst genannt. F\u00fcr alle anderen Inhalte sind Dr. Claudia Nieder\u00e9e und Prof. Dr. Wolfgang Nejdl (Adressen siehe oben) verantwortlich.<\/p>\n<h2>Haftungsausschluss<\/h2>\n<p>Das Layout der Homepage, die verwendeten Grafiken sowie die sonstigen Inhalte sind urheberrechtlich gesch\u00fctzt.<\/p>\n<h3>1. Inhalt des Onlineangebotes<\/h3>\n<p>Der Betreiber \u00fcbernimmt keinerlei Gew\u00e4hr f\u00fcr die Aktualit\u00e4t, Korrektheit, Vollst\u00e4ndigkeit oder Qualit\u00e4t der bereitgestellten Informationen. Haftungsanspr\u00fcche gegen den Betreiber, welche sich auf Sch\u00e4den materieller oder ideeller Art beziehen, die durch die Nutzung oder Nichtnutzung der dargebotenen Informationen bzw. durch die Nutzung fehlerhafter und unvollst\u00e4ndiger Informationen verursacht wurden, sind grunds\u00e4tzlich ausgeschlossen, sofern seitens des Betreibers kein nachweislich vors\u00e4tzliches oder grob fahrl\u00e4ssiges Verschulden vorliegt.<\/p>\n<p>Alle Angebote sind freibleibend und unverbindlich. Der Betreiber beh\u00e4lt es sich ausdr\u00fccklich vor, Teile der Seiten oder das gesamte Angebot ohne gesonderte Ank\u00fcndigung zu ver\u00e4ndern, zu erg\u00e4nzen, zu l\u00f6schen oder die Ver\u00f6ffentlichung zeitweise oder endg\u00fcltig einzustellen.<\/p>\n<p>Trotz sorgf\u00e4ltiger inhaltlicher Kontrolle \u00fcbernimmt der Betreiber keine Haftung f\u00fcr die Inhalte externer Links. F\u00fcr den Inhalt der verlinkten Seiten, auch die der Universit\u00e4tsverwaltung, der Zentralen Einrichtungen, Fakult\u00e4ten, Institute usw., sind ausschlie\u00dflich deren Betreiber verantwortlich.<\/p>\n<h3>2. Verweise und Links<\/h3>\n<p>Bei direkten oder indirekten Verweisen auf fremde Webseiten (Hyperlinks), die au\u00dferhalb des Verantwortungsbereiches des Betreibers liegen, w\u00fcrde eine Haftungsverpflichtung ausschlie\u00dflich in dem Fall in Kraft treten, in dem der Betreiber von den Inhalten Kenntnis hat und es ihm technisch m\u00f6glich und zumutbar w\u00e4re, die Nutzung im Falle rechtswidriger Inhalte zu verhindern.<\/p>\n<p>Der Betreiber erkl\u00e4rt hiermit ausdr\u00fccklich, dass zum Zeitpunkt der Linksetzung keine illegalen Inhalte auf den zu verlinkenden Seiten erkennbar waren. Auf die aktuelle und zuk\u00fcnftige Gestaltung, die Inhalte oder die Urheberschaft der gelinkten \/ verkn\u00fcpften Seiten hat der Betreiber keinerlei Einfluss. Deshalb distanziert er sich hiermit ausdr\u00fccklich von allen Inhalten aller gelinkten \/ verkn\u00fcpften Seiten, die nach der Linksetzung ver\u00e4ndert wurden. Diese Feststellung gilt f\u00fcr alle innerhalb des eigenen Internetangebotes gesetzten Links und Verweise sowie f\u00fcr Fremdeintr\u00e4ge in vom Betreiber eingerichteten G\u00e4steb\u00fcchern, Diskussionsforen und Mailinglisten. F\u00fcr illegale, fehlerhafte oder unvollst\u00e4ndige Inhalte und insbesondere f\u00fcr Sch\u00e4den, die aus der Nutzung oder Nichtnutzung solcherart dargebotener Informationen entstehen, haftet allein der Anbieter der Seite, auf welche verwiesen wurde, nicht derjenige, der \u00fcber Links auf die jeweilige Ver\u00f6ffentlichung lediglich verweist.<\/p>\n<h3>3. Urheber- und Kennzeichenrecht<\/h3>\n<p>Der Betreiber ist bestrebt, in allen Publikationen die Urheberrechte der verwendeten Grafiken, Tondokumente, Videosequenzen und Texte zu beachten, von ihm selbst erstellte Grafiken, Tondokumente, Videosequenzen und Texte zu nutzen oder auf lizenzfreie Grafiken, Tondokumente, Videosequenzen und Texte zur\u00fcckzugreifen. Alle innerhalb des Internetangebotes genannten und ggf. durch Dritte gesch\u00fctzten Marken- und Warenzeichen unterliegen uneingeschr\u00e4nkt den Bestimmungen des jeweils g\u00fcltigen Kennzeichenrechts und den Besitzrechten der jeweiligen eingetragenen Eigent\u00fcmer. Allein aufgrund der blo\u00dfen Nennung ist nicht der Schluss zu ziehen, dass Markenzeichen nicht durch Rechte Dritter gesch\u00fctzt sind. Das Copyright f\u00fcr ver\u00f6ffentlichte, vom Betreiber selbst erstellte Objekte bleibt allein beim Betreiber. Eine Vervielf\u00e4ltigung oder Verwendung solcher Grafiken, Tondokumente, Videosequenzen und Texte in anderen elektronischen oder gedruckten Publikationen ist ohne ausdr\u00fcckliche Zustimmung des Betreibers nicht gestattet.<\/p>\n<h3>4. Datenschutz<\/h3>\n<p>Sofern innerhalb des Internetangebotes die M\u00f6glichkeit zur Eingabe pers\u00f6nlicher oder gesch\u00e4ftlicher Daten (E-Mailadressen, Namen, Anschriften) besteht, so erfolgt die Preisgabe dieser Daten seitens des Nutzers auf ausdr\u00fccklich freiwilliger Basis. Die Inanspruchnahme und Bezahlung aller angebotenen Dienste ist &#8211; soweit technisch m\u00f6glich und zumutbar &#8211; auch ohne Angabe solcher Daten bzw. unter Angabe anonymisierter Daten oder eines Pseudonyms gestattet. Die Nutzung der im Rahmen des Impressums oder vergleichbarer Angaben ver\u00f6ffentlichten Kontaktdaten wie Postanschriften, Telefon- und Faxnummern sowie E-Mailadressen durch Dritte zur \u00dcbersendung von nicht ausdr\u00fccklich angeforderten Informationen ist nicht gestattet. Rechtliche Schritte gegen die Versender von sogenannten Spam-Mails bei Verst\u00f6\u00dfen gegen dieses Verbot sind ausdr\u00fccklich vorbehalten.<\/p>\n<h3>5. Rechtswirksamkeit dieses Haftungsausschlusses<\/h3>\n<p>Sofern Teile oder einzelne Formulierungen dieses Textes der geltenden Rechtslage nicht, nicht mehr oder nicht vollst\u00e4ndig entsprechen sollten, bleiben die \u00fcbrigen Teile des Dokumentes in ihrem Inhalt und ihrer G\u00fcltigkeit davon unber\u00fchrt.<\/p>\n<p>Die Gottfried Wilhelm Leibniz Universit\u00e4t Hannover ist eine K\u00f6rperschaft des \u00f6ffentlichen Rechts. Sie wird durch den Pr\u00e4sidenten Prof. Dr. iur. Volker Epping gesetzlich vertreten.<br \/>\n<strong>Zust\u00e4ndige Aufsichtsbeh\u00f6rde:<\/strong>\u00a0Nieders\u00e4chsisches Ministerium f\u00fcr Wissenschaft und Kultur, Leibnizufer 9, 30169 Hannover<br \/>\nUmsatzsteuer-Identifikationsnummer gem\u00e4\u00df \u00a7 27a Umsatzsteuergesetz: DE 811 245 527<br \/>\nDie inhaltlich verantwortlichen Personen einzelner journalistisch-redaktioneller Texte gem\u00e4\u00df \u00a7 6 MDStV sind unter dem jeweiligen Beitrag auf der Seite selbst genannt. F\u00fcr alle anderen Inhalte sind Dr. Claudia Nieder\u00e9e und Prof. Dr. Wolfgang Nejdl (Adressen siehe oben) verantwortlich.<\/p>\n<h2>Haftungsausschluss<\/h2>\n<p>Das Layout der Homepage, die verwendeten Grafiken sowie die sonstigen Inhalte sind urheberrechtlich gesch\u00fctzt.<\/p>\n<h3>1. Inhalt des Onlineangebotes<\/h3>\n<p>Der Betreiber \u00fcbernimmt keinerlei Gew\u00e4hr f\u00fcr die Aktualit\u00e4t, Korrektheit, Vollst\u00e4ndigkeit oder Qualit\u00e4t der bereitgestellten Informationen. Haftungsanspr\u00fcche gegen den Betreiber, welche sich auf Sch\u00e4den materieller oder ideeller Art beziehen, die durch die Nutzung oder Nichtnutzung der dargebotenen Informationen bzw. durch die Nutzung fehlerhafter und unvollst\u00e4ndiger Informationen verursacht wurden, sind grunds\u00e4tzlich ausgeschlossen, sofern seitens des Betreibers kein nachweislich vors\u00e4tzliches oder grob fahrl\u00e4ssiges Verschulden vorliegt.<\/p>\n<p>Alle Angebote sind freibleibend und unverbindlich. Der Betreiber beh\u00e4lt es sich ausdr\u00fccklich vor, Teile der Seiten oder das gesamte Angebot ohne gesonderte Ank\u00fcndigung zu ver\u00e4ndern, zu erg\u00e4nzen, zu l\u00f6schen oder die Ver\u00f6ffentlichung zeitweise oder endg\u00fcltig einzustellen.<\/p>\n<p>Trotz sorgf\u00e4ltiger inhaltlicher Kontrolle \u00fcbernimmt der Betreiber keine Haftung f\u00fcr die Inhalte externer Links. F\u00fcr den Inhalt der verlinkten Seiten, auch die der Universit\u00e4tsverwaltung, der Zentralen Einrichtungen, Fakult\u00e4ten, Institute usw., sind ausschlie\u00dflich deren Betreiber verantwortlich.<\/p>\n<h3>2. Verweise und Links<\/h3>\n<p>Bei direkten oder indirekten Verweisen auf fremde Webseiten (Hyperlinks), die au\u00dferhalb des Verantwortungsbereiches des Betreibers liegen, w\u00fcrde eine Haftungsverpflichtung ausschlie\u00dflich in dem Fall in Kraft treten, in dem der Betreiber von den Inhalten Kenntnis hat und es ihm technisch m\u00f6glich und zumutbar w\u00e4re, die Nutzung im Falle rechtswidriger Inhalte zu verhindern.<\/p>\n<p>Der Betreiber erkl\u00e4rt hiermit ausdr\u00fccklich, dass zum Zeitpunkt der Linksetzung keine illegalen Inhalte auf den zu verlinkenden Seiten erkennbar waren. Auf die aktuelle und zuk\u00fcnftige Gestaltung, die Inhalte oder die Urheberschaft der gelinkten \/ verkn\u00fcpften Seiten hat der Betreiber keinerlei Einfluss. Deshalb distanziert er sich hiermit ausdr\u00fccklich von allen Inhalten aller gelinkten \/ verkn\u00fcpften Seiten, die nach der Linksetzung ver\u00e4ndert wurden. Diese Feststellung gilt f\u00fcr alle innerhalb des eigenen Internetangebotes gesetzten Links und Verweise sowie f\u00fcr Fremdeintr\u00e4ge in vom Betreiber eingerichteten G\u00e4steb\u00fcchern, Diskussionsforen und Mailinglisten. F\u00fcr illegale, fehlerhafte oder unvollst\u00e4ndige Inhalte und insbesondere f\u00fcr Sch\u00e4den, die aus der Nutzung oder Nichtnutzung solcherart dargebotener Informationen entstehen, haftet allein der Anbieter der Seite, auf welche verwiesen wurde, nicht derjenige, der \u00fcber Links auf die jeweilige Ver\u00f6ffentlichung lediglich verweist.<\/p>\n<h3>3. Urheber- und Kennzeichenrecht<\/h3>\n<p>Der Betreiber ist bestrebt, in allen Publikationen die Urheberrechte der verwendeten Grafiken, Tondokumente, Videosequenzen und Texte zu beachten, von ihm selbst erstellte Grafiken, Tondokumente, Videosequenzen und Texte zu nutzen oder auf lizenzfreie Grafiken, Tondokumente, Videosequenzen und Texte zur\u00fcckzugreifen. Alle innerhalb des Internetangebotes genannten und ggf. durch Dritte gesch\u00fctzten Marken- und Warenzeichen unterliegen uneingeschr\u00e4nkt den Bestimmungen des jeweils g\u00fcltigen Kennzeichenrechts und den Besitzrechten der jeweiligen eingetragenen Eigent\u00fcmer. Allein aufgrund der blo\u00dfen Nennung ist nicht der Schluss zu ziehen, dass Markenzeichen nicht durch Rechte Dritter gesch\u00fctzt sind. Das Copyright f\u00fcr ver\u00f6ffentlichte, vom Betreiber selbst erstellte Objekte bleibt allein beim Betreiber. Eine Vervielf\u00e4ltigung oder Verwendung solcher Grafiken, Tondokumente, Videosequenzen und Texte in anderen elektronischen oder gedruckten Publikationen ist ohne ausdr\u00fcckliche Zustimmung des Betreibers nicht gestattet.<\/p>\n<h3>4. Datenschutz<\/h3>\n<p>Sofern innerhalb des Internetangebotes die M\u00f6glichkeit zur Eingabe pers\u00f6nlicher oder gesch\u00e4ftlicher Daten (E-Mailadressen, Namen, Anschriften) besteht, so erfolgt die Preisgabe dieser Daten seitens des Nutzers auf ausdr\u00fccklich freiwilliger Basis. Die Inanspruchnahme und Bezahlung aller angebotenen Dienste ist &#8211; soweit technisch m\u00f6glich und zumutbar &#8211; auch ohne Angabe solcher Daten bzw. unter Angabe anonymisierter Daten oder eines Pseudonyms gestattet. Die Nutzung der im Rahmen des Impressums oder vergleichbarer Angaben ver\u00f6ffentlichten Kontaktdaten wie Postanschriften, Telefon- und Faxnummern sowie E-Mailadressen durch Dritte zur \u00dcbersendung von nicht ausdr\u00fccklich angeforderten Informationen ist nicht gestattet. Rechtliche Schritte gegen die Versender von sogenannten Spam-Mails bei Verst\u00f6\u00dfen gegen dieses Verbot sind ausdr\u00fccklich vorbehalten.<\/p>\n<h3>5. Rechtswirksamkeit dieses Haftungsausschlusses<\/h3>\n<p>Sofern Teile oder einzelne Formulierungen dieses Textes der geltenden Rechtslage nicht, nicht mehr oder nicht vollst\u00e4ndig entsprechen sollten, bleiben die \u00fcbrigen Teile des Dokumentes in ihrem Inhalt und ihrer G\u00fcltigkeit davon unber\u00fchrt.<\/p>\n","protected":false},"excerpt":{"rendered":"<p>Forschungszentrum L3S Appelstra\u00dfe 9a 30167 Hannover Tel. +49 511 762 &#8211; 17715 Fax +49 511 762 &#8211; 17779 Vertreten durch: Prof. Dr. Wolfgang Nejdl (Gesch\u00e4ftsf\u00fchrender Direktor) Dr. Claudia Nieder\u00e9e (Gesch\u00e4ftsf\u00fchrerin) Gottfried Wilhelm Leibniz Universit\u00e4t Hannover Welfengarten 1 30167 Hannover Tel. +49 511 762-0 Fax +49 511 762-3456 Vertreten durch: Pr\u00e4sident der Leibniz Universit\u00e4t Hannover Technische &hellip; <a href=\"https:\/\/cleopatra-project.eu\/index.php\/impressum\/\" class=\"more-link\">Continue reading<span class=\"screen-reader-text\"> &#8220;Impressum&#8221;<\/span><\/a><\/p>\n","protected":false},"author":1,"featured_media":0,"parent":0,"menu_order":0,"comment_status":"closed","ping_status":"closed","template":"","meta":[],"_links":{"self":[{"href":"https:\/\/cleopatra-project.eu\/index.php\/wp-json\/wp\/v2\/pages\/130"}],"collection":[{"href":"https:\/\/cleopatra-project.eu\/index.php\/wp-json\/wp\/v2\/pages"}],"about":[{"href":"https:\/\/cleopatra-project.eu\/index.php\/wp-json\/wp\/v2\/types\/page"}],"author":[{"embeddable":true,"href":"https:\/\/cleopatra-project.eu\/index.php\/wp-json\/wp\/v2\/users\/1"}],"replies":[{"embeddable":true,"href":"https:\/\/cleopatra-project.eu\/index.php\/wp-json\/wp\/v2\/comments?post=130"}],"version-history":[{"count":2,"href":"https:\/\/cleopatra-project.eu\/index.php\/wp-json\/wp\/v2\/pages\/130\/revisions"}],"predecessor-version":[{"id":132,"href":"https:\/\/cleopatra-project.eu\/index.php\/wp-json\/wp\/v2\/pages\/130\/revisions\/132"}],"wp:attachment":[{"href":"https:\/\/cleopatra-project.eu\/index.php\/wp-json\/wp\/v2\/media?parent=130"}],"curies":[{"name":"wp","href":"https:\/\/api.w.org\/{rel}","templated":true}]}}